{"id":9278,"date":"2015-09-03T19:56:44","date_gmt":"2015-09-03T19:56:44","guid":{"rendered":"http:\/\/www.toricoteruel.com\/?post_type=product&#038;p=9278"},"modified":"2024-03-02T18:10:44","modified_gmt":"2024-03-02T18:10:44","slug":"tarrinas-queso-puro-de-oveja","status":"publish","type":"product","link":"https:\/\/www.toricoteruel.com\/de\/producto\/tarrinas-queso-puro-de-oveja\/","title":{"rendered":"Tarrinas queso puro de oveja"},"content":{"rendered":"<p>La crema de queso de oveja se fabrica a partir de nuestro queso Sierra de Albarrac\u00edn etiqueta roja como base fundamental, leche y nata de oveja. Tras un periodo de media curaci\u00f3n de al menos 4 meses el queso es transformado en crema. La crema Sierra de Albarrac\u00edn posee el caracter\u00edstico sabor de nuestros quesos madurados pero ligeramente suavizado por la crema de leche de oveja, como sugerencia, supone un complemento perfecto para aderezar aperitivos, untado simplemente sobre tostadas, incluso para la elaboraci\u00f3n de salsas para condimentar pastas u otros platos.<\/p>\n","protected":false},"excerpt":{"rendered":"<p>La crema de queso de oveja se fabrica a partir de nuestro queso Sierra de Albarrac\u00edn etiqueta roja como base fundamental, leche y nata de oveja. Tras un periodo de media curaci\u00f3n de al menos 4 meses el queso es transformado en crema. La crema Sierra de Albarrac\u00edn posee el caracter\u00edstico sabor de nuestros quesos [&hellip;]<\/p>\n","protected":false},"featured_media":9906,"comment_status":"open","ping_status":"closed","template":"","meta":[],"_links":{"self":[{"href":"https:\/\/www.toricoteruel.com\/de\/wp-json\/wp\/v2\/product\/9278"}],"collection":[{"href":"https:\/\/www.toricoteruel.com\/de\/wp-json\/wp\/v2\/product"}],"about":[{"href":"https:\/\/www.toricoteruel.com\/de\/wp-json\/wp\/v2\/types\/product"}],"replies":[{"embeddable":true,"href":"https:\/\/www.toricoteruel.com\/de\/wp-json\/wp\/v2\/comments?post=9278"}],"wp:featuredmedia":[{"embeddable":true,"href":"https:\/\/www.toricoteruel.com\/de\/wp-json\/wp\/v2\/media\/9906"}],"wp:attachment":[{"href":"https:\/\/www.toricoteruel.com\/de\/wp-json\/wp\/v2\/media?parent=9278"}],"curies":[{"name":"wp","href":"https:\/\/api.w.org\/{rel}","templated":true}]}}