{"id":9484,"date":"2015-12-23T14:03:19","date_gmt":"2015-12-23T14:03:19","guid":{"rendered":"http:\/\/www.toricoteruel.com\/?page_id=9484"},"modified":"2016-03-31T04:51:57","modified_gmt":"2016-03-31T04:51:57","slug":"jamoneria-degustacion","status":"publish","type":"page","link":"https:\/\/www.toricoteruel.com\/de\/jamoneria-degustacion\/","title":{"rendered":"\u201eJamoneria\u201c &#038; Verkostung"},"content":{"rendered":"<h3>\u201eJAMONERIA\u201c &amp; VERKOSTUNG<a href=\"http:\/\/www.toricoteruel.com\/wp-content\/uploads\/2015\/12\/20160204_205930-2.jpg\"><img loading=\"lazy\" class=\" wp-image-9737 alignright\" src=\"http:\/\/www.toricoteruel.com\/wp-content\/uploads\/2015\/12\/20160204_205930-2-300x192.jpg\" alt=\"Degustaci\u00f3n\" width=\"431\" height=\"276\" srcset=\"https:\/\/www.toricoteruel.com\/wp-content\/uploads\/2015\/12\/20160204_205930-2-300x192.jpg 300w, https:\/\/www.toricoteruel.com\/wp-content\/uploads\/2015\/12\/20160204_205930-2-450x288.jpg 450w, https:\/\/www.toricoteruel.com\/wp-content\/uploads\/2015\/12\/20160204_205930-2-1024x655.jpg 1024w, https:\/\/www.toricoteruel.com\/wp-content\/uploads\/2015\/12\/20160204_205930-2-800x512.jpg 800w\" sizes=\"(max-width: 431px) 100vw, 431px\" \/><\/a><\/h3>\n<p>Ein Lokal dass mehr anbietet als nur zum Schinken ein Glas Wein zu trinken. Wir bieten ein Ambiente an, wo man den Schinken liebt und viel mehr \u00fcber ihn wei\u00df sobald wir ihn Ihnen servieren. Lernen Sie, wie man ihn richtig schneidet, pr\u00e4sentiert und ihn in guter Gesellschaft genie\u00dft.<\/p>\n<p>Genie\u00dfen Sie unsere iberischen Produkte wie unseren K\u00e4se den Schinken und Weine in einem besonderen und unverwechselbaren Ambiente mit individueller Bedienung.","protected":false},"excerpt":{"rendered":"<p>\u201eJAMONERIA\u201c &amp; VERKOSTUNG Ein Lokal dass mehr anbietet als nur zum Schinken ein Glas Wein zu trinken. Wir bieten ein Ambiente an, wo man den Schinken liebt und viel mehr \u00fcber ihn wei\u00df sobald wir ihn Ihnen servieren. Lernen Sie, wie man ihn richtig schneidet, pr\u00e4sentiert und ihn in guter Gesellschaft genie\u00dft. Genie\u00dfen Sie unsere [&hellip;]<\/p>\n","protected":false},"author":1,"featured_media":0,"parent":0,"menu_order":0,"comment_status":"closed","ping_status":"closed","template":"","meta":[],"_links":{"self":[{"href":"https:\/\/www.toricoteruel.com\/de\/wp-json\/wp\/v2\/pages\/9484"}],"collection":[{"href":"https:\/\/www.toricoteruel.com\/de\/wp-json\/wp\/v2\/pages"}],"about":[{"href":"https:\/\/www.toricoteruel.com\/de\/wp-json\/wp\/v2\/types\/page"}],"author":[{"embeddable":true,"href":"https:\/\/www.toricoteruel.com\/de\/wp-json\/wp\/v2\/users\/1"}],"replies":[{"embeddable":true,"href":"https:\/\/www.toricoteruel.com\/de\/wp-json\/wp\/v2\/comments?post=9484"}],"version-history":[{"count":24,"href":"https:\/\/www.toricoteruel.com\/de\/wp-json\/wp\/v2\/pages\/9484\/revisions"}],"predecessor-version":[{"id":9752,"href":"https:\/\/www.toricoteruel.com\/de\/wp-json\/wp\/v2\/pages\/9484\/revisions\/9752"}],"wp:attachment":[{"href":"https:\/\/www.toricoteruel.com\/de\/wp-json\/wp\/v2\/media?parent=9484"}],"curies":[{"name":"wp","href":"https:\/\/api.w.org\/{rel}","templated":true}]}}