{"id":9475,"date":"2015-12-23T13:48:03","date_gmt":"2015-12-23T13:48:03","guid":{"rendered":"http:\/\/www.toricoteruel.com\/?page_id=9475"},"modified":"2016-02-14T07:42:31","modified_gmt":"2016-02-14T07:42:31","slug":"apertura-de-franquicias","status":"publish","type":"page","link":"https:\/\/www.toricoteruel.com\/de\/apertura-de-franquicias\/","title":{"rendered":"Franchise er\u00f6ffnen"},"content":{"rendered":"<h3>FRANCHISE ER\u00d6FFNEN<\/h3>\n<p>Exklusives und einziges, auf Schinken spezialisiertes Gesch\u00e4ft. Im Vordergrund steht die Schinken- Schnitttechnik, eine Auswahl von acht Schinken begleitet&nbsp; von einer Auswahl von K\u00e4se, Aufschnitt und Weinen. Zudem bieten wir mehr als 50 Bocadillos (belegtes Baguette), 35 Gerichte und alles a la carte.<\/p>\n<p>Wir bieten Ihnen eine Machbarkeitsstudie f\u00fcr die Franchise Er\u00f6ffnung an.&nbsp; Da es sich hierbei auch um unseren Erfolg&nbsp; handelt, begleiten wir Sie bei der Umsetzung der Gesch\u00e4ftsidee, dem Gesch\u00e4ftsstarts und der Rentabilit\u00e4t Ihres Franchise Unternehmens.<\/p>\n<p>Sie erhalten den kompletten Service eines \u201cEL TORICO\u201d Gesch\u00e4fts.<\/p>\n<p>Wir bieten Ihnen eine kostenlose Marktstudie sowie unsere Unterst\u00fctzung an und garantieren &nbsp;f\u00fcr unsere erfolgreichen Markenprodukte. &nbsp;Ein Konzept, das viele Vorteile und eine gro\u00dfe Nachfrage &nbsp;eines breit gef\u00e4cherten Publikums mit sich bringt. Sie werden unter anderem ein Experte in der Auswahl der besten Schinken f\u00fcr Ihr Gesch\u00e4ft sein und diesen Ihrer Kunden und G\u00e4sten als Ganzes St\u00fcck, als Keule, vom Knochen losgel\u00f6st oder in Scheiben anbieten k\u00f6nnen.<\/p>\n<p>&nbsp;<\/p>\n<p><span><a href=\"http:\/\/www.toricoteruel.com\/de\/contacto\" class=\"su-button su-button-style-default\" style=\"color:#FFFFFF;background-color:#2D89EF;border-color:#246ec0;border-radius:5px;-moz-border-radius:5px;-webkit-border-radius:5px\" target=\"_blank\" rel=\"noopener noreferrer\"><span style=\"color:#FFFFFF;padding:0px 16px;font-size:13px;line-height:26px;border-color:#6cadf4;border-radius:5px;-moz-border-radius:5px;-webkit-border-radius:5px;text-shadow:none;-moz-text-shadow:none;-webkit-text-shadow:none\"> Studie Anfordern<\/span><\/a><\/span><\/p>\n<p>&nbsp;","protected":false},"excerpt":{"rendered":"<p>FRANCHISE ER\u00d6FFNEN Exklusives und einziges, auf Schinken spezialisiertes Gesch\u00e4ft. Im Vordergrund steht die Schinken- Schnitttechnik, eine Auswahl von acht Schinken begleitet&nbsp; von einer Auswahl von K\u00e4se, Aufschnitt und Weinen. Zudem bieten wir mehr als 50 Bocadillos (belegtes Baguette), 35 Gerichte und alles a la carte. Wir bieten Ihnen eine Machbarkeitsstudie f\u00fcr die Franchise Er\u00f6ffnung an.&nbsp; [&hellip;]<\/p>\n","protected":false},"author":1,"featured_media":0,"parent":0,"menu_order":0,"comment_status":"closed","ping_status":"closed","template":"","meta":[],"_links":{"self":[{"href":"https:\/\/www.toricoteruel.com\/de\/wp-json\/wp\/v2\/pages\/9475"}],"collection":[{"href":"https:\/\/www.toricoteruel.com\/de\/wp-json\/wp\/v2\/pages"}],"about":[{"href":"https:\/\/www.toricoteruel.com\/de\/wp-json\/wp\/v2\/types\/page"}],"author":[{"embeddable":true,"href":"https:\/\/www.toricoteruel.com\/de\/wp-json\/wp\/v2\/users\/1"}],"replies":[{"embeddable":true,"href":"https:\/\/www.toricoteruel.com\/de\/wp-json\/wp\/v2\/comments?post=9475"}],"version-history":[{"count":24,"href":"https:\/\/www.toricoteruel.com\/de\/wp-json\/wp\/v2\/pages\/9475\/revisions"}],"predecessor-version":[{"id":9723,"href":"https:\/\/www.toricoteruel.com\/de\/wp-json\/wp\/v2\/pages\/9475\/revisions\/9723"}],"wp:attachment":[{"href":"https:\/\/www.toricoteruel.com\/de\/wp-json\/wp\/v2\/media?parent=9475"}],"curies":[{"name":"wp","href":"https:\/\/api.w.org\/{rel}","templated":true}]}}