{"id":9470,"date":"2015-12-23T13:39:49","date_gmt":"2015-12-23T13:39:49","guid":{"rendered":"http:\/\/www.toricoteruel.com\/?page_id=9470"},"modified":"2016-02-27T07:45:38","modified_gmt":"2016-02-27T07:45:38","slug":"cursos-de-corte-de-jamon","status":"publish","type":"page","link":"https:\/\/www.toricoteruel.com\/de\/cursos-de-corte-de-jamon\/","title":{"rendered":"Kurs: Schinken professionell schneiden"},"content":{"rendered":"<h3>KURS SCHINKEN PROFESSIONELL SCHNEIDEN<\/h3>\n<p><strong>F\u00dcR PROFIS:<\/strong><\/p>\n<p>Viele Betriebe haben einen Schinken und einem Schinkenhalter, aber die meisten wissen nicht, wie man mit diesem hochwertigen Produkt umgeht. Dies hat zur Folge, dass z.B. eine Ration Schinken h\u00f6chster Qualit\u00e4t leider durchschnittlich serviert wird. In solchen F\u00e4llen ist der Kunde entt\u00e4uscht und bekommt das Gef\u00fchl, sein Geld aus dem Fenster geworfen zu haben. F\u00fcr Sie als Gastronom ist dies eine schlechte Investition, da oftmals der Mangel an Fachwissen dazu f\u00fchren kann, dass nicht nur Geld sondern langfristig auch ihre Kunden verlieren.<\/p>\n<p>Diese Kurse sind f\u00fcr Gastronomen ausgerichtet:<\/p>\n<ul>\n<li>Wissen, wie man den ad\u00e4quaten Schinken ausw\u00e4hlt.<\/li>\n<li>Aus dem Schinken das Maximum herausholen.<\/li>\n<li>Das Schinkenst\u00fcck anschaulich pr\u00e4sentieren und anschaulich portionieren.<\/li>\n<li>Aufbewahrung von angeschnittenen St\u00fccken.<\/li>\n<\/ul>\n<p>Gerne k\u00f6nnen auch Privatpersonen an diesem Kurs teilnehmen Aufbewahrung.<\/p>\n<p><strong> F\u00dcR PRIVATPERSONEN UND UNTERNEHMEN:<\/strong><\/p>\n<p>Wir bieten Ihnen einen Einf\u00fchrungskurs in die Schnitttechnik zu absolvieren gefolgt von einer Verkostung unserer weiteren Produktpalette.<\/p>\n<p>Wir passen uns an alle Arten von Teilnehmern und Gruppen an. Unser Gedanke ist, Ihnen eine Einf\u00fchrung in die Schinkenschnitttechnik zu bieten und anschlie\u00dfend mit Ihren Freunden und Kollegen all unsere Produkte gemeinsam genie\u00dfen zu k\u00f6nnen.<\/p>\n<p><span><a href=\"http:\/\/www.toricoteruel.com\/de\/contacto\" class=\"su-button su-button-style-default\" style=\"color:#FFFFFF;background-color:#2D89EF;border-color:#246ec0;border-radius:5px;-moz-border-radius:5px;-webkit-border-radius:5px\" target=\"_blank\" rel=\"noopener noreferrer\"><span style=\"color:#FFFFFF;padding:0px 16px;font-size:13px;line-height:26px;border-color:#6cadf4;border-radius:5px;-moz-border-radius:5px;-webkit-border-radius:5px;text-shadow:none;-moz-text-shadow:none;-webkit-text-shadow:none\"> Anfrage<\/span><\/a><\/span>","protected":false},"excerpt":{"rendered":"<p>KURS SCHINKEN PROFESSIONELL SCHNEIDEN F\u00dcR PROFIS: Viele Betriebe haben einen Schinken und einem Schinkenhalter, aber die meisten wissen nicht, wie man mit diesem hochwertigen Produkt umgeht. Dies hat zur Folge, dass z.B. eine Ration Schinken h\u00f6chster Qualit\u00e4t leider durchschnittlich serviert wird. In solchen F\u00e4llen ist der Kunde entt\u00e4uscht und bekommt das Gef\u00fchl, sein Geld aus [&hellip;]<\/p>\n","protected":false},"author":1,"featured_media":0,"parent":0,"menu_order":0,"comment_status":"closed","ping_status":"closed","template":"","meta":[],"_links":{"self":[{"href":"https:\/\/www.toricoteruel.com\/de\/wp-json\/wp\/v2\/pages\/9470"}],"collection":[{"href":"https:\/\/www.toricoteruel.com\/de\/wp-json\/wp\/v2\/pages"}],"about":[{"href":"https:\/\/www.toricoteruel.com\/de\/wp-json\/wp\/v2\/types\/page"}],"author":[{"embeddable":true,"href":"https:\/\/www.toricoteruel.com\/de\/wp-json\/wp\/v2\/users\/1"}],"replies":[{"embeddable":true,"href":"https:\/\/www.toricoteruel.com\/de\/wp-json\/wp\/v2\/comments?post=9470"}],"version-history":[{"count":31,"href":"https:\/\/www.toricoteruel.com\/de\/wp-json\/wp\/v2\/pages\/9470\/revisions"}],"predecessor-version":[{"id":9747,"href":"https:\/\/www.toricoteruel.com\/de\/wp-json\/wp\/v2\/pages\/9470\/revisions\/9747"}],"wp:attachment":[{"href":"https:\/\/www.toricoteruel.com\/de\/wp-json\/wp\/v2\/media?parent=9470"}],"curies":[{"name":"wp","href":"https:\/\/api.w.org\/{rel}","templated":true}]}}