{"id":2096,"date":"2014-12-01T11:57:39","date_gmt":"2014-12-01T11:57:39","guid":{"rendered":"http:\/\/www.apppanda.net\/clients\/reviver3\/?page_id=2096"},"modified":"2016-02-12T12:44:15","modified_gmt":"2016-02-12T12:44:15","slug":"eventos","status":"publish","type":"page","link":"https:\/\/www.toricoteruel.com\/de\/eventos\/","title":{"rendered":"Vorbereitung von Veranstaltungen"},"content":{"rendered":"<div  class=\"vc_row wpb_row vc_row-fluid\">\n\t<div class=\"vc_col-sm-12 wpb_column vc_column_container \">\n\t\t<div class=\"wpb_wrapper\">\n\t\t\t\n\t<div class=\"wpb_text_column wpb_content_element \">\n\t\t<div class=\"wpb_wrapper\">\n\t\t\t<h3>VERANSTALTUNGEN<\/h3>\n<p>Wir sind spezialisiert auf alle Arten von Feiern und Veranstaltungen und geben diesen eine spezielle und pers\u00f6nliche Note. Der Schinken, eines der k\u00f6stlichsten Gerichte wird der H\u00f6hepunkt des Events sein.<\/p>\n<p>Ebenso haben wir uns auf Paellas und Grillfleisch spezialisiert.<\/p>\n<p>Gerne erstellen wir Ihnen ein unverbindliches Angebot.<\/p>\n<p>Wie der Schneider sagen w\u00fcrde &#8222;Ma\u00dfgeschneidert&#8220;.<\/p>\n<p><span><a href=\"http:\/\/www.toricoteruel.com\/de\/contacto\" class=\"su-button su-button-style-default\" style=\"color:#FFFFFF;background-color:#2D89EF;border-color:#246ec0;border-radius:5px;-moz-border-radius:5px;-webkit-border-radius:5px\" target=\"_blank\" rel=\"noopener noreferrer\"><span style=\"color:#FFFFFF;padding:0px 16px;font-size:13px;line-height:26px;border-color:#6cadf4;border-radius:5px;-moz-border-radius:5px;-webkit-border-radius:5px;text-shadow:none;-moz-text-shadow:none;-webkit-text-shadow:none\"> Anfrage<\/span><\/a><\/span><\/p>\n\n\t\t<\/div> \n\t<\/div> \n\t\t<\/div> \n\t<\/div> \n<\/div>\t<div  class=\"vc_row wpb_row vc_row-fluid\">\n\t<div class=\"vc_col-sm-12 wpb_column vc_column_container \">\n\t\t<div class=\"wpb_wrapper\">\n\t\t\t<h3 class='h3'>FRAGEN UND ANTWORTEN<\/h3><div class='accordion my-accordion  accordion-2' ><div class='accordion-group'><div class='accordion-heading '><span><\/span><a class='accordion-toggle '><h5 class='h5'>Wie mu\u00df das Ereignis sein?<\/h5><\/a><\/div><div  class='accordion-body' style='display:none'><div class=\"accordion-inner\"><p>Wenn Sie nicht wissen, wie Sie Ihre Veranstaltung organisieren sollen, keine Sorge. Wir stehen Ihnen mit all unserer Erfahrungen und unserem Einfallsreichtum zur Verf\u00fcgung um Ihr Fest Ihren W\u00fcnschen und Vorstellungen entsprechend zu realisieren.<br \/>\n<\/p><\/div><\/div><\/div><div class='accordion-group'><div class='accordion-heading '><span><\/span><a class='accordion-toggle '><h5 class='h5'>Verf\u00fcgen Sie \u00fcber eine ad\u00e4quate Location?<\/h5><\/a><\/div><div  class='accordion-body' style='display:none'><div class=\"accordion-inner\"><p>Ganz gleich ob Sie \u00fcber eine Location verf\u00fcgen oder ob Sie eine anmieten, wir kommen mit unserem Material und unserem Team zu Ihnen. Sollten Sie \u00fcber keine Location verf\u00fcgen, organisieren wir gerne einen Ihren Anspr\u00fcchen und Vorstellungen entsprechende Location.<br \/>\n<\/p><\/div><\/div><\/div><div class='accordion-group'><div class='accordion-heading '><span><\/span><a class='accordion-toggle '><h5 class='h5'>Wie k\u00f6nnen wir alle G\u00e4ste gl\u00fccklich machen?<\/h5><\/a><\/div><div  class='accordion-body' style='display:none'><div class=\"accordion-inner\"><p>``El Torico`` engagiert sich besonders f\u00fcr alle diejenigen, die wegen einer Allergie, einer Krankheit oder einfach durch ethische \u00dcberzeugung, bestimmte Nahrungsmittel in Ihrem Ern\u00e4hrungsplan nicht verzehren. Gerne erstellen wir Ihnen auch hier individuelle Men\u00fcvorschl\u00e4ge: Glutenfrei, f\u00fcr Diabetiker Vegetarier und Laktose-Intolerante G\u00e4ste.<br \/>\n<\/p><\/div><\/div><\/div><div class='accordion-group'><div class='accordion-heading '><span><\/span><a class='accordion-toggle '><h5 class='h5'>Was m\u00fcssen Sie ausgeben?<\/h5><\/a><\/div><div  class='accordion-body' style='display:none'><div class=\"accordion-inner\"><p>Wir passen uns an alle Budgets unverbindlich an, fragen Sie uns einfach.<\/p><\/div><\/div><\/div><\/div>\n\t\t<\/div> \n\t<\/div> \n<\/div>","protected":false},"excerpt":{"rendered":"VERANSTALTUNGEN Wir sind spezialisiert auf alle Arten von Feiern und Veranstaltungen und geben diesen eine spezielle und pers\u00f6nliche Note. Der Schinken, eines der k\u00f6stlichsten Gerichte wird der H\u00f6hepunkt des Events sein. Ebenso haben wir uns auf Paellas und Grillfleisch spezialisiert. Gerne erstellen wir Ihnen ein unverbindliches Angebot. Wie der Schneider sagen w\u00fcrde \"Ma\u00dfgeschneidert\". Anfrage FRAGEN [...]","protected":false},"author":1,"featured_media":0,"parent":0,"menu_order":28,"comment_status":"open","ping_status":"open","template":"","meta":[],"_links":{"self":[{"href":"https:\/\/www.toricoteruel.com\/de\/wp-json\/wp\/v2\/pages\/2096"}],"collection":[{"href":"https:\/\/www.toricoteruel.com\/de\/wp-json\/wp\/v2\/pages"}],"about":[{"href":"https:\/\/www.toricoteruel.com\/de\/wp-json\/wp\/v2\/types\/page"}],"author":[{"embeddable":true,"href":"https:\/\/www.toricoteruel.com\/de\/wp-json\/wp\/v2\/users\/1"}],"replies":[{"embeddable":true,"href":"https:\/\/www.toricoteruel.com\/de\/wp-json\/wp\/v2\/comments?post=2096"}],"version-history":[{"count":22,"href":"https:\/\/www.toricoteruel.com\/de\/wp-json\/wp\/v2\/pages\/2096\/revisions"}],"predecessor-version":[{"id":9607,"href":"https:\/\/www.toricoteruel.com\/de\/wp-json\/wp\/v2\/pages\/2096\/revisions\/9607"}],"wp:attachment":[{"href":"https:\/\/www.toricoteruel.com\/de\/wp-json\/wp\/v2\/media?parent=2096"}],"curies":[{"name":"wp","href":"https:\/\/api.w.org\/{rel}","templated":true}]}}