{"id":9484,"date":"2015-12-23T14:03:19","date_gmt":"2015-12-23T14:03:19","guid":{"rendered":"http:\/\/www.toricoteruel.com\/?page_id=9484"},"modified":"2016-03-31T04:51:57","modified_gmt":"2016-03-31T04:51:57","slug":"jamoneria-degustacion","status":"publish","type":"page","link":"https:\/\/www.toricoteruel.com\/CA\/jamoneria-degustacion\/","title":{"rendered":"Pernileria &#038; degustaci\u00f3"},"content":{"rendered":"<h3>PERNILERIA &amp; DEGUSTACI\u00d3<a href=\"http:\/\/www.toricoteruel.com\/wp-content\/uploads\/2015\/12\/20160204_205930-2.jpg\"><img loading=\"lazy\" class=\" wp-image-9737 alignright\" src=\"http:\/\/www.toricoteruel.com\/wp-content\/uploads\/2015\/12\/20160204_205930-2-300x192.jpg\" alt=\"Degustaci\u00f3n\" width=\"432\" height=\"276\" srcset=\"https:\/\/www.toricoteruel.com\/wp-content\/uploads\/2015\/12\/20160204_205930-2-300x192.jpg 300w, https:\/\/www.toricoteruel.com\/wp-content\/uploads\/2015\/12\/20160204_205930-2-450x288.jpg 450w, https:\/\/www.toricoteruel.com\/wp-content\/uploads\/2015\/12\/20160204_205930-2-1024x655.jpg 1024w, https:\/\/www.toricoteruel.com\/wp-content\/uploads\/2015\/12\/20160204_205930-2-800x512.jpg 800w\" sizes=\"(max-width: 432px) 100vw, 432px\" \/><\/a><\/h3>\n<p>Botiga pensada per a alguna cosa m\u00e9s que menjar pernil i beure vi. Volem un espai en el que s&#8217;estimi el pernil, que se s\u00e0piga m\u00e9s d&#8217;ell quan aquest \u00e9s a la nostra taula, que aprenguis a tallar-lo, a presentar-lo i com no, a menjar-te&#8217;l amb una bona companyia.<\/p>\n<p>A la botiga volem que gaudeixis dels nostres productes ib\u00e8rics, formatges, vins i pernils; que degustis i t\u2019emportis el que \u00e9s m\u00e9s adequat al teu moment, amb un tracte exclusiu, especial, personalitzat, directe, distintiu i natural.<\/p>\n<p>&nbsp;","protected":false},"excerpt":{"rendered":"<p>PERNILERIA &amp; DEGUSTACI\u00d3 Botiga pensada per a alguna cosa m\u00e9s que menjar pernil i beure vi. Volem un espai en el que s&#8217;estimi el pernil, que se s\u00e0piga m\u00e9s d&#8217;ell quan aquest \u00e9s a la nostra taula, que aprenguis a tallar-lo, a presentar-lo i com no, a menjar-te&#8217;l amb una bona companyia. A la botiga [&hellip;]<\/p>\n","protected":false},"author":1,"featured_media":0,"parent":0,"menu_order":0,"comment_status":"closed","ping_status":"closed","template":"","meta":[],"_links":{"self":[{"href":"https:\/\/www.toricoteruel.com\/CA\/wp-json\/wp\/v2\/pages\/9484"}],"collection":[{"href":"https:\/\/www.toricoteruel.com\/CA\/wp-json\/wp\/v2\/pages"}],"about":[{"href":"https:\/\/www.toricoteruel.com\/CA\/wp-json\/wp\/v2\/types\/page"}],"author":[{"embeddable":true,"href":"https:\/\/www.toricoteruel.com\/CA\/wp-json\/wp\/v2\/users\/1"}],"replies":[{"embeddable":true,"href":"https:\/\/www.toricoteruel.com\/CA\/wp-json\/wp\/v2\/comments?post=9484"}],"version-history":[{"count":24,"href":"https:\/\/www.toricoteruel.com\/CA\/wp-json\/wp\/v2\/pages\/9484\/revisions"}],"predecessor-version":[{"id":9752,"href":"https:\/\/www.toricoteruel.com\/CA\/wp-json\/wp\/v2\/pages\/9484\/revisions\/9752"}],"wp:attachment":[{"href":"https:\/\/www.toricoteruel.com\/CA\/wp-json\/wp\/v2\/media?parent=9484"}],"curies":[{"name":"wp","href":"https:\/\/api.w.org\/{rel}","templated":true}]}}