{"id":9475,"date":"2015-12-23T13:48:03","date_gmt":"2015-12-23T13:48:03","guid":{"rendered":"http:\/\/www.toricoteruel.com\/?page_id=9475"},"modified":"2016-02-14T07:42:31","modified_gmt":"2016-02-14T07:42:31","slug":"apertura-de-franquicias","status":"publish","type":"page","link":"https:\/\/www.toricoteruel.com\/CA\/apertura-de-franquicias\/","title":{"rendered":"Obertura de franqu\u00edcies"},"content":{"rendered":"<h3>OBERTURA DE FRANQU\u00cdCIES<\/h3>\n<p>Botiga \u00fanica en el sector del pernil, com a primera joia el tall de pernil acompanyat de formatges, embotits i vi, podent-los degustar amb una carta de m\u00e9s de 50 entrepans, 35 plats i una varietat de 8 Pernils a la carta.<\/p>\n<p>Oferim estudi de viabilitat per a l&#8217;obertura de franqu\u00edcies, ocupant-nos des de la primera idea, la posada en marxa del negoci i el rendiment de la franqu\u00edcia dia a dia ja que el teu \u00e8xit \u00e9s el nostre.<\/p>\n<p>Disposar\u00e0s de tots els Serveis d&#8217;una botiga &#8220;EL TORICO&#8221;<\/p>\n<p>T&#8217;oferim un estudi gratu\u00eft amb tota cobertura i el nostre suport, i t&#8217;oferim la garantia de les marques que gaudeixen d&#8217;\u00e8xit en el mercat, un concepte de negoci que t&#8217;ofereix molts avantatges i demanda, molt tipus de p\u00fablic, tamb\u00e9 ser\u00e0s un expert en el pernil seleccionant els millors de la botiga i oferint-los al client final, b\u00e9 sencers, desossats per maces i llescats. &nbsp; &nbsp;<\/p>\n<p><span><a href=\"http:\/\/www.toricoteruel.com\/contacto\" class=\"su-button su-button-style-default\" style=\"color:#FFFFFF;background-color:#2D89EF;border-color:#246ec0;border-radius:5px;-moz-border-radius:5px;-webkit-border-radius:5px\" target=\"_blank\" rel=\"noopener noreferrer\"><span style=\"color:#FFFFFF;padding:0px 16px;font-size:13px;line-height:26px;border-color:#6cadf4;border-radius:5px;-moz-border-radius:5px;-webkit-border-radius:5px;text-shadow:none;-moz-text-shadow:none;-webkit-text-shadow:none\"> Sol\u00b7licitar estudi<\/span><\/a><\/span>","protected":false},"excerpt":{"rendered":"<p>OBERTURA DE FRANQU\u00cdCIES Botiga \u00fanica en el sector del pernil, com a primera joia el tall de pernil acompanyat de formatges, embotits i vi, podent-los degustar amb una carta de m\u00e9s de 50 entrepans, 35 plats i una varietat de 8 Pernils a la carta. Oferim estudi de viabilitat per a l&#8217;obertura de franqu\u00edcies, ocupant-nos [&hellip;]<\/p>\n","protected":false},"author":1,"featured_media":0,"parent":0,"menu_order":0,"comment_status":"closed","ping_status":"closed","template":"","meta":[],"_links":{"self":[{"href":"https:\/\/www.toricoteruel.com\/CA\/wp-json\/wp\/v2\/pages\/9475"}],"collection":[{"href":"https:\/\/www.toricoteruel.com\/CA\/wp-json\/wp\/v2\/pages"}],"about":[{"href":"https:\/\/www.toricoteruel.com\/CA\/wp-json\/wp\/v2\/types\/page"}],"author":[{"embeddable":true,"href":"https:\/\/www.toricoteruel.com\/CA\/wp-json\/wp\/v2\/users\/1"}],"replies":[{"embeddable":true,"href":"https:\/\/www.toricoteruel.com\/CA\/wp-json\/wp\/v2\/comments?post=9475"}],"version-history":[{"count":24,"href":"https:\/\/www.toricoteruel.com\/CA\/wp-json\/wp\/v2\/pages\/9475\/revisions"}],"predecessor-version":[{"id":9723,"href":"https:\/\/www.toricoteruel.com\/CA\/wp-json\/wp\/v2\/pages\/9475\/revisions\/9723"}],"wp:attachment":[{"href":"https:\/\/www.toricoteruel.com\/CA\/wp-json\/wp\/v2\/media?parent=9475"}],"curies":[{"name":"wp","href":"https:\/\/api.w.org\/{rel}","templated":true}]}}