{"id":9470,"date":"2015-12-23T13:39:49","date_gmt":"2015-12-23T13:39:49","guid":{"rendered":"http:\/\/www.toricoteruel.com\/?page_id=9470"},"modified":"2016-02-27T07:45:38","modified_gmt":"2016-02-27T07:45:38","slug":"cursos-de-corte-de-jamon","status":"publish","type":"page","link":"https:\/\/www.toricoteruel.com\/CA\/cursos-de-corte-de-jamon\/","title":{"rendered":"Cursos de tall"},"content":{"rendered":"<h3>CURSOS DE TALL DE PERNIL<\/h3>\n<p><strong>PER PROFESSIONALS:<\/strong><\/p>\n<p>En molts establiments disposen d&#8217;un perniler amb un pernil, per\u00f2 &nbsp;la majoria no saben com tractar b\u00e9 aquest producte, com a conseq\u00fc\u00e8ncia, una pe\u00e7a de pernil de gran qualitat pot acabar en el nostre plat de forma mediocre, en aquests casos el client se sent decebut i creu haver tirat els diners, per al restaurador tamb\u00e9 \u00e9s una mala inversi\u00f3 ja que la manca de coneixements pot fer-li perdre diners i clientela.<\/p>\n<p>Aquests cursos estan orientats al restaurador per:<\/p>\n<ul>\n<li>Saber triar el pernil adequat.<\/li>\n<li>Treure el m\u00e0xim profit del pernil.<\/li>\n<li>Tenir el pernil bonic perqu\u00e8 sigui m\u00e9s desitjable.<\/li>\n<li>Fer boniques racions.<\/li>\n<li>Conservar la pe\u00e7a si no es talla sencera.&nbsp;<\/li>\n<\/ul>\n<p>Aquest curs tamb\u00e9 est\u00e0 obert a no professionals.<\/p>\n<p><strong>PER PARTICULARS I EMPRESES:<\/strong><\/p>\n<p>Hi ha la possibilitat de fer un curs d&#8217;iniciaci\u00f3 al tall de Pernil amb degustaci\u00f3 i maridatge.<\/p>\n<p>Ens adaptem a tot tipus de grups. La idea \u00e9s iniciar-vos al tall de Pernil mentre gaudiu d&#8217;un gran berenar amb tots els nostres productes, acompanyats dels vostres amics o companys de treball.<\/p>\n<p><span><a href=\"http:\/\/www.toricoteruel.com\/CA\/contacto\" class=\"su-button su-button-style-default\" style=\"color:#FFFFFF;background-color:#2D89EF;border-color:#246ec0;border-radius:5px;-moz-border-radius:5px;-webkit-border-radius:5px\" target=\"_blank\" rel=\"noopener noreferrer\"><span style=\"color:#FFFFFF;padding:0px 16px;font-size:13px;line-height:26px;border-color:#6cadf4;border-radius:5px;-moz-border-radius:5px;-webkit-border-radius:5px;text-shadow:none;-moz-text-shadow:none;-webkit-text-shadow:none\"> Demanar Informaci\u00f3<\/span><\/a><\/span>","protected":false},"excerpt":{"rendered":"<p>CURSOS DE TALL DE PERNIL PER PROFESSIONALS: En molts establiments disposen d&#8217;un perniler amb un pernil, per\u00f2 &nbsp;la majoria no saben com tractar b\u00e9 aquest producte, com a conseq\u00fc\u00e8ncia, una pe\u00e7a de pernil de gran qualitat pot acabar en el nostre plat de forma mediocre, en aquests casos el client se sent decebut i creu [&hellip;]<\/p>\n","protected":false},"author":1,"featured_media":0,"parent":0,"menu_order":0,"comment_status":"closed","ping_status":"closed","template":"","meta":[],"_links":{"self":[{"href":"https:\/\/www.toricoteruel.com\/CA\/wp-json\/wp\/v2\/pages\/9470"}],"collection":[{"href":"https:\/\/www.toricoteruel.com\/CA\/wp-json\/wp\/v2\/pages"}],"about":[{"href":"https:\/\/www.toricoteruel.com\/CA\/wp-json\/wp\/v2\/types\/page"}],"author":[{"embeddable":true,"href":"https:\/\/www.toricoteruel.com\/CA\/wp-json\/wp\/v2\/users\/1"}],"replies":[{"embeddable":true,"href":"https:\/\/www.toricoteruel.com\/CA\/wp-json\/wp\/v2\/comments?post=9470"}],"version-history":[{"count":31,"href":"https:\/\/www.toricoteruel.com\/CA\/wp-json\/wp\/v2\/pages\/9470\/revisions"}],"predecessor-version":[{"id":9747,"href":"https:\/\/www.toricoteruel.com\/CA\/wp-json\/wp\/v2\/pages\/9470\/revisions\/9747"}],"wp:attachment":[{"href":"https:\/\/www.toricoteruel.com\/CA\/wp-json\/wp\/v2\/media?parent=9470"}],"curies":[{"name":"wp","href":"https:\/\/api.w.org\/{rel}","templated":true}]}}