{"id":919,"date":"2014-10-25T13:48:43","date_gmt":"2014-10-25T13:48:43","guid":{"rendered":"http:\/\/www.apppanda.net\/clients\/reviver2\/?page_id=919"},"modified":"2015-10-04T18:35:32","modified_gmt":"2015-10-04T18:35:32","slug":"servicios","status":"publish","type":"page","link":"https:\/\/www.toricoteruel.com\/CA\/servicios\/","title":{"rendered":"Serveis"},"content":{"rendered":"<div  class=\"vc_row wpb_row vc_row-fluid\">\n\t<div class=\"vc_col-sm-12 wpb_column vc_column_container \">\n\t\t<div class=\"wpb_wrapper\">\n\t\t\t<div id=\"feature\"><div class=\"row\"><div class=\"span3\"><ul class=\"resp-tabs-list\"><li>Jamoneria &amp; degustaci\u00f3n<\/li><li>Especialidad en Jam\u00f3n<\/li><li>Asesoramiento al cliente<\/li><li>Corte de jam\u00f3n en eventos<\/li><li>CUSRSOS DE CORTE DE JAM\u00d3N<\/li><li>APERTURA DE FRANQUICIAS<\/li><\/ul><\/div><div class=\"span9\"><div class=\"resp-tabs-container\"><div><h3>JAMONERIA &amp; DEGUSTACI\u00d3N<\/h3>\n<p>&nbsp;<\/p>\n<p>Tienda unica en el sector del jam\u00f3n, como primera joya el corte de jam\u00f3n acompa\u00f1ado de quesos embutidos y vino pudiendolos degustar con una carta de mas de 50 bocadillos, 35 platos y una variedad de 8 Jamones a la carta.<\/p>\n<p>&nbsp;<\/p>\n<\/div><div><h3>ESPECIALIDAD EN LA VENTA DE JAM\u00d3N<\/h3>\n<p>Quince a\u00f1os de experiencia avalados por ganaderos y secaderos de cerdo blanco y cerdo iberico, siendo nosotros los maestros para aserorar ensenyar y vender el jam\u00f3n para que el cliente final lo disfrute como se merece.<\/p>\n<p>&nbsp;<\/p>\n<\/div><div><h3>ASESORAMIENTO AL CLIENTE<\/h3>\n<p>Para el cliente de la tienda todo nuestro equipo de profesionales estara siempre a su servicio pudiendo degustar, comprar al detalle o por piezas aconsejando maridajes con quesos embutidos y vinos.Nuestro clientle siempr vuelve, es la clave de nuestro exito.<\/p>\n<p>&nbsp;<\/p>\n<p>&nbsp;<\/p>\n<\/div><div><h3>CORTE DE JAM\u00d3N EN EVENTOS<\/h3>\n<p>Somos especialistas en todo tipo de fiestas dando un toque especial a todo tipo de eventos. El jam\u00f3n, uno de los manjares mas deliciosos ser\u00e0 lo mas destacado de la celebraci\u00f3n.<\/p>\n<p>Hacemos presupuestos sin compromiso.<\/p>\n<p>Como diria una sastre \u201cTrajes a medida\u201d.<\/p>\n<a href=\"http:\/\/www.toricoteruel.com\/contacto\" class=\"su-button su-button-style-default\" style=\"color:#FFFFFF;background-color:#2D89EF;border-color:#246ec0;border-radius:5px;-moz-border-radius:5px;-webkit-border-radius:5px\" target=\"_blank\" rel=\"noopener noreferrer\"><span style=\"color:#FFFFFF;padding:0px 16px;font-size:13px;line-height:26px;border-color:#6cadf4;border-radius:5px;-moz-border-radius:5px;-webkit-border-radius:5px;text-shadow:none;-moz-text-shadow:none;-webkit-text-shadow:none\"> Pedir Informaci\u00f3n<\/span><\/a>\n<\/div><div><h3>CURSOS DE CORTE DE JAM\u00d3N<\/h3>\n<p>En las catas aprenderemos a diferenciar matizes, sabores y aromas.<\/p>\n<p>En los cursos el corte, la limpieza, el aprobechamiento y la presentaci\u00f3n.<\/p>\n<p>En el maridaje, maridaremos con aceite, vinos, pan y quesos.<\/p>\n<p><span><a href=\"http:\/\/www.toricoteruel.com\/contacto\" class=\"su-button su-button-style-default\" style=\"color:#FFFFFF;background-color:#2D89EF;border-color:#246ec0;border-radius:5px;-moz-border-radius:5px;-webkit-border-radius:5px\" target=\"_blank\" rel=\"noopener noreferrer\"><span style=\"color:#FFFFFF;padding:0px 16px;font-size:13px;line-height:26px;border-color:#6cadf4;border-radius:5px;-moz-border-radius:5px;-webkit-border-radius:5px;text-shadow:none;-moz-text-shadow:none;-webkit-text-shadow:none\"> Pedir Informaci\u00f3n<\/span><\/a><\/span><\/p>\n<\/div><div><h3>APERTURA DE FRANQUICIAS<\/h3>\n<p>Ofrecemos estudio de viabilidad para la apetura de franquicias, ocupandonos desde la primera idea la puesta en marcha del negocio y el rendimiento de la franqu\u00edcia dia a dia ya que tu exito es el nuestro.<\/p>\n<p>Dispondras de todos los Servicios de una tienda \u201cEL TORICO\u201d<\/p>\n<p><span><a href=\"http:\/\/www.toricoteruel.com\/contacto\" class=\"su-button su-button-style-default\" style=\"color:#FFFFFF;background-color:#2D89EF;border-color:#246ec0;border-radius:5px;-moz-border-radius:5px;-webkit-border-radius:5px\" target=\"_blank\" rel=\"noopener noreferrer\"><span style=\"color:#FFFFFF;padding:0px 16px;font-size:13px;line-height:26px;border-color:#6cadf4;border-radius:5px;-moz-border-radius:5px;-webkit-border-radius:5px;text-shadow:none;-moz-text-shadow:none;-webkit-text-shadow:none\"> Solicitar estudio<\/span><\/a><\/span><\/p>\n<\/div><\/div><\/div><\/div><\/div>\n\t\t<\/div> \n\t<\/div> \n<\/div>","protected":false},"excerpt":{"rendered":"Jamoneria &amp; degustaci\u00f3nEspecialidad en Jam\u00f3nAsesoramiento al clienteCorte de jam\u00f3n en eventosCUSRSOS DE CORTE DE JAM\u00d3NAPERTURA DE FRANQUICIASJAMONERIA &amp; DEGUSTACI\u00d3N &nbsp; Tienda unica en el sector del jam\u00f3n, como primera joya el corte de jam\u00f3n acompa\u00f1ado de quesos embutidos y vino pudiendolos degustar con una carta de mas de 50 bocadillos, 35 platos y una variedad [...]","protected":false},"author":1,"featured_media":0,"parent":0,"menu_order":58,"comment_status":"open","ping_status":"open","template":"","meta":[],"_links":{"self":[{"href":"https:\/\/www.toricoteruel.com\/CA\/wp-json\/wp\/v2\/pages\/919"}],"collection":[{"href":"https:\/\/www.toricoteruel.com\/CA\/wp-json\/wp\/v2\/pages"}],"about":[{"href":"https:\/\/www.toricoteruel.com\/CA\/wp-json\/wp\/v2\/types\/page"}],"author":[{"embeddable":true,"href":"https:\/\/www.toricoteruel.com\/CA\/wp-json\/wp\/v2\/users\/1"}],"replies":[{"embeddable":true,"href":"https:\/\/www.toricoteruel.com\/CA\/wp-json\/wp\/v2\/comments?post=919"}],"version-history":[{"count":66,"href":"https:\/\/www.toricoteruel.com\/CA\/wp-json\/wp\/v2\/pages\/919\/revisions"}],"predecessor-version":[{"id":9463,"href":"https:\/\/www.toricoteruel.com\/CA\/wp-json\/wp\/v2\/pages\/919\/revisions\/9463"}],"wp:attachment":[{"href":"https:\/\/www.toricoteruel.com\/CA\/wp-json\/wp\/v2\/media?parent=919"}],"curies":[{"name":"wp","href":"https:\/\/api.w.org\/{rel}","templated":true}]}}