{"id":2096,"date":"2014-12-01T11:57:39","date_gmt":"2014-12-01T11:57:39","guid":{"rendered":"http:\/\/www.apppanda.net\/clients\/reviver3\/?page_id=2096"},"modified":"2016-02-12T12:44:15","modified_gmt":"2016-02-12T12:44:15","slug":"eventos","status":"publish","type":"page","link":"https:\/\/www.toricoteruel.com\/CA\/eventos\/","title":{"rendered":"Preparaci\u00f3 d&#8217;Esdeveniments"},"content":{"rendered":"<div  class=\"vc_row wpb_row vc_row-fluid\">\n\t<div class=\"vc_col-sm-12 wpb_column vc_column_container \">\n\t\t<div class=\"wpb_wrapper\">\n\t\t\t\n\t<div class=\"wpb_text_column wpb_content_element \">\n\t\t<div class=\"wpb_wrapper\">\n\t\t\t<h3>ESDEVENIMENTS<\/h3>\n<p>Som especialistes en tot tipus de festes donant un toc especial a tot tipus d&#8217;esdeveniments. El pernil, un dels menjars m\u00e9s deliciosos ser\u00e0 el m\u00e9s destacat de la celebraci\u00f3.<\/p>\n<p>&nbsp;<\/p>\n<p>Tamb\u00e9 som especialistes en paelles i carns a la brasa.<\/p>\n<p>Fem pressupostos sense comprom\u00eds.<\/p>\n<p>Com diria un sastre &#8220;Vestits a mida&#8221;.<\/p>\n<a href=\"http:\/\/www.toricoteruel.com\/CA\/contacto\" class=\"su-button su-button-style-default\" style=\"color:#FFFFFF;background-color:#2D89EF;border-color:#246ec0;border-radius:5px;-moz-border-radius:5px;-webkit-border-radius:5px\" target=\"_blank\" rel=\"noopener noreferrer\"><span style=\"color:#FFFFFF;padding:0px 16px;font-size:13px;line-height:26px;border-color:#6cadf4;border-radius:5px;-moz-border-radius:5px;-webkit-border-radius:5px;text-shadow:none;-moz-text-shadow:none;-webkit-text-shadow:none\"> Demanar Informaci\u00f3<\/span><\/a>\n\n\t\t<\/div> \n\t<\/div> \n\t\t<\/div> \n\t<\/div> \n<\/div>\t<div  class=\"vc_row wpb_row vc_row-fluid\">\n\t<div class=\"vc_col-sm-12 wpb_column vc_column_container \">\n\t\t<div class=\"wpb_wrapper\">\n\t\t\t<h3 class='h3'>PREGUNTES FREQ\u00dcENTS<\/h3><div class='accordion my-accordion  accordion-2' ><div class='accordion-group'><div class='accordion-heading '><span><\/span><a class='accordion-toggle '><h5 class='h5'>Com ha de ser l&#039;esdeveniment?<\/h5><\/a><\/div><div  class='accordion-body' style='display:none'><div class=\"accordion-inner\"><p>Si no saps com organitzar el teu esdeveniment no et preocupis, posem a la teva disposici\u00f3 tota la nostra experi\u00e8ncia i enginy per portar a terme aquesta celebraci\u00f3 perqu\u00e8 sigui tal i com te l'imagines.<br \/>\n<\/p><\/div><\/div><\/div><div class='accordion-group'><div class='accordion-heading '><span><\/span><a class='accordion-toggle '><h5 class='h5'>Tenim un espai preparat?<\/h5><\/a><\/div><div  class='accordion-body' style='display:none'><div class=\"accordion-inner\"><p>Tant si tens un espai on poder realitzar la celebraci\u00f3 o tries un espai ja preparat, ens desplacem amb el nostre equip material i hum\u00e0 per posar a punt el lloc i realitzar l'esdeveniment.Si no saps on fer-ho, nosaltres ens encarreguem de trobar un empla\u00e7ament que compleixi les teves expectatives.<br \/>\n<\/p><\/div><\/div><\/div><div class='accordion-group'><div class='accordion-heading '><span><\/span><a class='accordion-toggle '><h5 class='h5'>Com satisfem tots els convidats?<\/h5><\/a><\/div><div  class='accordion-body' style='display:none'><div class=\"accordion-inner\"><p>``El Torico`` se sent especialment comprom\u00e8s amb totes aquelles persones que a causa d'una malaltia una al\u00b7l\u00e8rgia o simplement per conviccions \u00e8tiques no inclouen alguns aliments en la seva dieta aix\u00ed doncs tenim men\u00fas especials per a vegetarians, cel\u00edacs, diab\u00e8tics i intolerants a la lactosa.<br \/>\n<\/p><\/div><\/div><\/div><div class='accordion-group'><div class='accordion-heading '><span><\/span><a class='accordion-toggle '><h5 class='h5'>Quant em gastar\u00e9?<\/h5><\/a><\/div><div  class='accordion-body' style='display:none'><div class=\"accordion-inner\"><p>Ens adaptem a tots els pressupostos demana'ns sense comprom\u00eds.<\/p><\/div><\/div><\/div><\/div>\n\t\t<\/div> \n\t<\/div> \n<\/div>","protected":false},"excerpt":{"rendered":"ESDEVENIMENTS Som especialistes en tot tipus de festes donant un toc especial a tot tipus d'esdeveniments. El pernil, un dels menjars m\u00e9s deliciosos ser\u00e0 el m\u00e9s destacat de la celebraci\u00f3. &nbsp; Tamb\u00e9 som especialistes en paelles i carns a la brasa. Fem pressupostos sense comprom\u00eds. Com diria un sastre \"Vestits a mida\". Demanar Informaci\u00f3 PREGUNTES [...]","protected":false},"author":1,"featured_media":0,"parent":0,"menu_order":28,"comment_status":"open","ping_status":"open","template":"","meta":[],"_links":{"self":[{"href":"https:\/\/www.toricoteruel.com\/CA\/wp-json\/wp\/v2\/pages\/2096"}],"collection":[{"href":"https:\/\/www.toricoteruel.com\/CA\/wp-json\/wp\/v2\/pages"}],"about":[{"href":"https:\/\/www.toricoteruel.com\/CA\/wp-json\/wp\/v2\/types\/page"}],"author":[{"embeddable":true,"href":"https:\/\/www.toricoteruel.com\/CA\/wp-json\/wp\/v2\/users\/1"}],"replies":[{"embeddable":true,"href":"https:\/\/www.toricoteruel.com\/CA\/wp-json\/wp\/v2\/comments?post=2096"}],"version-history":[{"count":22,"href":"https:\/\/www.toricoteruel.com\/CA\/wp-json\/wp\/v2\/pages\/2096\/revisions"}],"predecessor-version":[{"id":9607,"href":"https:\/\/www.toricoteruel.com\/CA\/wp-json\/wp\/v2\/pages\/2096\/revisions\/9607"}],"wp:attachment":[{"href":"https:\/\/www.toricoteruel.com\/CA\/wp-json\/wp\/v2\/media?parent=2096"}],"curies":[{"name":"wp","href":"https:\/\/api.w.org\/{rel}","templated":true}]}}