{"id":2048,"date":"2014-11-28T13:27:00","date_gmt":"2014-11-28T13:27:00","guid":{"rendered":"http:\/\/www.apppanda.net\/clients\/reviver3\/?page_id=2048"},"modified":"2016-03-31T04:50:49","modified_gmt":"2016-03-31T04:50:49","slug":"home-2","status":"publish","type":"page","link":"https:\/\/www.toricoteruel.com\/CA\/","title":{"rendered":"Home"},"content":{"rendered":"<div  class=\"vc_row wpb_row vc_row-fluid\">\n\t<div class=\"vc_col-sm-6 wpb_column vc_column_container \">\n\t\t<div class=\"wpb_wrapper\">\n\t\t\t<div class=\"appear-animation \"  data-appear-animation=\"bounceInLeft\" > <div class=\"main-sldier\"><div class=\"flexslider clearfix \"><ul class=\"slides\"><li><img src=https:\/\/www.toricoteruel.com\/wp-content\/uploads\/2014\/11\/20160204_205930-2-scaled.jpg  alt=\"\"\/><\/li><li><img src=https:\/\/www.toricoteruel.com\/wp-content\/uploads\/2014\/11\/Toro_Nit_1839x1581.jpg  alt=\"\"\/><\/li><\/ul><\/div> <\/div> <\/div>\n\t\t<\/div> \n\t<\/div> \n\n\t<div class=\"vc_col-sm-6 wpb_column vc_column_container \">\n\t\t<div class=\"wpb_wrapper\">\n\t\t\t<div class=\"appear-animation \"  data-appear-animation=\"bounceInRight\" ><div class='accordion my-accordion  ' ><div class='accordion-group'><div class='accordion-heading active'><span><\/span><a class='accordion-toggle collapsed'><h5 class='h5'><i class='fa fa-users'><\/i>Sobre la nostra companyia<\/h5><\/a><\/div><div  class='accordion-body' ><div class=\"accordion-inner\"><p>Quinze anys enrere ens vam embarcar en aquest projecte creixent dia a dia, buscant preu i qualitat i cuidant tots els detalls de la xarcuteria.<\/p><\/div><\/div><\/div><div class='accordion-group'><div class='accordion-heading '><span><\/span><a class='accordion-toggle '><h5 class='h5'><i class='fa fa-road'><\/i>La nostra missi\u00f3<\/h5><\/a><\/div><div  class='accordion-body' style='display:none'><div class=\"accordion-inner\"><p>La nostra missi\u00f3 \u00e9s posar a l'abast dels nostres clients els productes serveis i coneixements necessaris per gaudir al m\u00e0xim de l'experi\u00e8ncia de menjar pernil.<br \/>\nSempre amb la major qualitat i nom\u00e9s amb productes de la nostra confian\u00e7a.<\/p><\/div><\/div><\/div><div class='accordion-group'><div class='accordion-heading '><span><\/span><a class='accordion-toggle '><h5 class='h5'><i class='fa fa-heart'><\/i>Per qu\u00e8 triar-nos?<\/h5><\/a><\/div><div  class='accordion-body' style='display:none'><div class=\"accordion-inner\"><p>Perqu\u00e8 som un equip format per professionals que exercim les nostres tasques amb rapidesa, serietat, seguretat i amb atenci\u00f3 personalitzada en cada cas, sempre al costat del client fent dels seus problemes els nostres atenent, assessorant i resolent els seus dubtes.<\/p><\/div><\/div><\/div><\/div><\/div>\n\t\t<\/div> \n\t<\/div> \n<\/div>\t<div  class=\"vc_row wpb_row vc_row-fluid\">\n\t<div class=\"vc_col-sm-12 wpb_column vc_column_container \">\n\t\t<div class=\"wpb_wrapper\">\n\t\t\tStyle already used in this page\n\t\t<\/div> \n\t<\/div> \n<\/div>\t<div  class=\"vc_row wpb_row vc_row-fluid\">\n\t<div class=\"vc_col-sm-3 wpb_column vc_column_container \">\n\t\t<div class=\"wpb_wrapper\">\n\t\t\t<div class=\"appear-animation \"  data-appear-animation=\"bounceIn\" ><div class='box-features'><div class=\"block-info  maxheight1\"><a href=\"http:\/\/www.toricoteruel.com\/CA\/eventos\/\" class=\"inner-block1\"><div  class=\"badge_ badge_1 \"><i class=\"fa fa-calendar\"><\/i><\/div><div class=\"box-text-small\"><h4 class=\"h4\">Organitzaci\u00f3 d&#039;esdeveniments<\/h4><p>Organitzem el teva esdeveniment: festa, celebraci\u00f3, enlla\u00e7 ... Ens adaptem i personalitzem el nostre servei per a cada ocasi\u00f3.<\/p><\/div><\/a><\/div><\/div><\/div>\n\t\t<\/div> \n\t<\/div> \n\n\t<div class=\"vc_col-sm-3 wpb_column vc_column_container \">\n\t\t<div class=\"wpb_wrapper\">\n\t\t\t<div class=\"appear-animation \"  data-appear-animation=\"bounceIn\" ><div class='box-features'><div class=\"block-info  maxheight1\"><a href=\"http:\/\/www.toricoteruel.com\/CA\/jamoneria-degustacion\/\" class=\"inner-block1\"><div  class=\"badge_ badge_1 \"><i class=\"fa fa-cutlery\"><\/i><\/div><div class=\"box-text-small\"><h4 class=\"h4\">Pernileria Degustaci\u00f3<\/h4><p>T'esperem! vine a comprar o degustar la nostra exclusiva selecci\u00f3 Pernils, embotits, formatges, vins i productes gourmet ...<\/p><\/div><\/a><\/div><\/div><\/div>\n\t\t<\/div> \n\t<\/div> \n\n\t<div class=\"vc_col-sm-3 wpb_column vc_column_container \">\n\t\t<div class=\"wpb_wrapper\">\n\t\t\t<div class=\"appear-animation \"  data-appear-animation=\"bounceIn\" ><div class='box-features'><div class=\"block-info  maxheight1\"><a href=\"http:\/\/www.toricoteruel.com\/CA\/cursos-de-corte-de-jamon\/\" class=\"inner-block1\"><div  class=\"badge_ badge_1 \"><i class=\"fa fa-book\"><\/i><\/div><div class=\"box-text-small\"><h4 class=\"h4\">Cursos de tall de pernil<\/h4><p>Cursos de tall de Pernil espec\u00edfics per a cada nivell des d'iniciaci\u00f3 fins a avan\u00e7ats per a professionals de l'Hosteleria etc ...<\/p><\/div><\/a><\/div><\/div><\/div>\n\t\t<\/div> \n\t<\/div> \n\n\t<div class=\"vc_col-sm-3 wpb_column vc_column_container \">\n\t\t<div class=\"wpb_wrapper\">\n\t\t\t<div class=\"appear-animation \"  data-appear-animation=\"bounceIn\" ><div class='box-features'><div class=\"block-info  maxheight1\"><a href=\"http:\/\/www.toricoteruel.com\/CA\/apertura-de-franquicias\/\" class=\"inner-block1\"><div  class=\"badge_ badge_1 \"><i class=\"fa fa-lightbulb-o\"><\/i><\/div><div class=\"box-text-small\"><h4 class=\"h4\">Obertura de franqu\u00edcies<\/h4><p>Sol\u00b7licita ara un estudi de viabilitat i empr\u00e8n ara mateix el teu negoci amb el suport i l'experi\u00e8ncia que et brindem des de ``El Torico``.<\/p><\/div><\/a><\/div><\/div><\/div>\n\t\t<\/div> \n\t<\/div> \n<\/div>\t<div  class=\"vc_row wpb_row vc_row-fluid\">\n\t<div class=\"vc_col-sm-12 wpb_column vc_column_container \">\n\t\t<div class=\"wpb_wrapper\">\n\t\t\t<div class=\"appear-animation \"  data-appear-animation=\"bounceInUp\" ><div class=\"box-clients\"><h3 class=\"h3\">Clients<\/h3><div class=\"carousel-4 carousel\"><ul id=\"carousel-4\" class=\"clearfix carousel\"><li><a href=\"http:\/\/www.torrelsa.com\/\"><img width=\"135\" height=\"49\" src=\"https:\/\/www.toricoteruel.com\/wp-content\/uploads\/2015\/09\/unnamed1-135x49.jpg\" class=\"attachment-thumb_client size-thumb_client wp-post-image\" alt=\"\" loading=\"lazy\" \/><\/a><\/li><li><a href=\"http:\/\/www.quesosdesantaeulalia.com\/\"><img width=\"180\" height=\"49\" src=\"https:\/\/www.toricoteruel.com\/wp-content\/uploads\/2015\/09\/unnamed-180x49.jpg\" class=\"attachment-thumb_client size-thumb_client wp-post-image\" alt=\"\" loading=\"lazy\" \/><\/a><\/li><li><a href=\"https:\/\/es-la.facebook.com\/antonio.escuder.9\"><img width=\"180\" height=\"49\" src=\"https:\/\/www.toricoteruel.com\/wp-content\/uploads\/2015\/09\/Donescu-blanco-275x150-180x49.png\" class=\"attachment-thumb_client size-thumb_client wp-post-image\" alt=\"\" loading=\"lazy\" \/><\/a><\/li><li><a href=\"#\"><img width=\"180\" height=\"49\" src=\"https:\/\/www.toricoteruel.com\/wp-content\/uploads\/2015\/09\/Los-Calvo-275x150-180x49.png\" class=\"attachment-thumb_client size-thumb_client wp-post-image\" alt=\"\" loading=\"lazy\" \/><\/a><\/li><li><a href=\"http:\/\/egurenugarte.com\/en\"><img width=\"180\" height=\"49\" src=\"https:\/\/www.toricoteruel.com\/wp-content\/uploads\/2015\/09\/Eguren-Ugarte-275x150-180x49.png\" class=\"attachment-thumb_client size-thumb_client wp-post-image\" alt=\"\" loading=\"lazy\" \/><\/a><\/li><li><a href=\"http:\/\/www.jamonespenarroya.com\/\"><img width=\"180\" height=\"49\" src=\"https:\/\/www.toricoteruel.com\/wp-content\/uploads\/2015\/09\/JAMONES-PE\u00d1ARROYA-275x100-180x49.png\" class=\"attachment-thumb_client size-thumb_client wp-post-image\" alt=\"\" loading=\"lazy\" \/><\/a><\/li><\/ul><div class=\"div-control\"> <div class=\"prev-slide prev-4\"><\/div> <div class=\"next-slide next-4\"><\/div><\/div><\/div><\/div><\/div>\t<div  class=\"vc_row wpb_row vc_inner vc_row-fluid\">\n\t<div class=\"vc_col-sm-12 wpb_column vc_column_container \">\n\t\t<div class=\"wpb_wrapper\">\n\t\t\t\n\t<div class=\"wpb_text_column wpb_content_element \">\n\t\t<div class=\"wpb_wrapper\">\n\t\t\t<p>Aquestes marques ens donen tota la confian\u00e7a per comercialitzar els seus productes amb unes mat\u00e8ries primeres de la m\u00e0xima qualitat i una elaboraci\u00f3 tradicional, sent productes \u00fanics, garantim la seva qualitat.<\/p>\n\n\t\t<\/div> \n\t<\/div> \n\t\t<\/div> \n\t<\/div> \n<\/div>\n\t\t<\/div> \n\t<\/div> \n<\/div>\t<div  class=\"vc_row wpb_row vc_row-fluid banner\">\n\t<div class=\"vc_col-sm-10 wpb_column vc_column_container \">\n\t\t<div class=\"wpb_wrapper\">\n\t\t\t<div class=\"appear-animation \"  data-appear-animation=\"fadeInLeft\" >\n\t<div class=\"wpb_text_column wpb_content_element \">\n\t\t<div class=\"wpb_wrapper\">\n\t\t\t<p><strong><span style=\"font-family: 'Open Sans'; color: #1b1b1b; font-size: 28px;\">El Torico &nbsp;<span style=\"color: #1f97ff;\">Pernils i embotits,&nbsp;<\/span>&nbsp;Pernileria&nbsp;&amp; Degustaci\u00f3,&nbsp;<span style=\"color: #1f97ff;\">&nbsp;Preparaci\u00f3 d&#8217;esdeveniments,&nbsp;<\/span>&nbsp;Tall&nbsp;de Pernil&nbsp;<\/span><\/strong><span style=\"font-family: 'Open Sans'; color: #1b1b1b; font-size: 16px;\">Botiga \u00fanica en el sector&#8230;<\/span><\/p>\n\n\t\t<\/div> \n\t<\/div> <\/div>\n\t\t<\/div> \n\t<\/div> \n\n\t<div class=\"vc_col-sm-2 wpb_column vc_column_container \" style=\"color:#ffffff;\">\n\t\t<div class=\"wpb_wrapper\">\n\t\t\t<div class=\"appear-animation  display_ib \"  data-appear-animation=\"fadeInRight\" ><a href=\"http:\/\/www.toricoteruel.com\/CA\/contacto\/\" class=\"btn-medium button  btn-extra  btn-blue\" target=\"_blank\">Contacta<\/a><\/div>\n\t\t<\/div> \n\t<\/div> \n<\/div>","protected":false},"excerpt":{"rendered":"","protected":false},"author":1,"featured_media":0,"parent":0,"menu_order":81,"comment_status":"open","ping_status":"closed","template":"","meta":[],"_links":{"self":[{"href":"https:\/\/www.toricoteruel.com\/CA\/wp-json\/wp\/v2\/pages\/2048"}],"collection":[{"href":"https:\/\/www.toricoteruel.com\/CA\/wp-json\/wp\/v2\/pages"}],"about":[{"href":"https:\/\/www.toricoteruel.com\/CA\/wp-json\/wp\/v2\/types\/page"}],"author":[{"embeddable":true,"href":"https:\/\/www.toricoteruel.com\/CA\/wp-json\/wp\/v2\/users\/1"}],"replies":[{"embeddable":true,"href":"https:\/\/www.toricoteruel.com\/CA\/wp-json\/wp\/v2\/comments?post=2048"}],"version-history":[{"count":96,"href":"https:\/\/www.toricoteruel.com\/CA\/wp-json\/wp\/v2\/pages\/2048\/revisions"}],"predecessor-version":[{"id":9751,"href":"https:\/\/www.toricoteruel.com\/CA\/wp-json\/wp\/v2\/pages\/2048\/revisions\/9751"}],"wp:attachment":[{"href":"https:\/\/www.toricoteruel.com\/CA\/wp-json\/wp\/v2\/media?parent=2048"}],"curies":[{"name":"wp","href":"https:\/\/api.w.org\/{rel}","templated":true}]}}